{"id":947,"date":"2023-12-19T14:52:51","date_gmt":"2023-12-19T14:52:51","guid":{"rendered":"https:\/\/guerilla.pt\/bizinest\/?page_id=947"},"modified":"2024-01-16T16:32:10","modified_gmt":"2024-01-16T16:32:10","slug":"seniordomo","status":"publish","type":"page","link":"https:\/\/bizinest.pt\/en\/seniordomo\/","title":{"rendered":"Seniordomo"},"content":{"rendered":"<div id=\"fws_69e01da5cddbf\"  data-column-margin=\"default\" data-midnight=\"dark\"  class=\"wpb_row vc_row-fluid vc_row full-width-section parallax_section\"  style=\"padding-top: 150px; padding-bottom: 150px; \"><div class=\"row-bg-wrap\" data-bg-animation=\"zoom-out-slow\" data-bg-animation-delay=\"\" data-bg-overlay=\"true\"><div class=\"inner-wrap row-bg-layer using-image\" ><div class=\"row-bg viewport-desktop using-image using-bg-color\" data-parallax-speed=\"slow\" style=\"background-image: url(https:\/\/bizinest.pt\/wp-content\/uploads\/2023\/12\/abstract-background-with-low-poly-design-4.png); background-position: left top; background-repeat: no-repeat; background-color: #004079; \"><\/div><\/div><div class=\"row-bg-overlay row-bg-layer\" style=\"background: #1d2c40; background: linear-gradient(90deg,#1d2c40 0%,#66718d 100%);  opacity: 0.95; \"><\/div><\/div><div class=\"row_col_wrap_12 col span_12 dark left\">\n\t<div  class=\"vc_col-sm-6 center-vertical wpb_column column_container vc_column_container col has-animation no-extra-padding inherit_tablet inherit_phone\"  data-padding-pos=\"all\" data-has-bg-color=\"false\" data-bg-color=\"\" data-bg-opacity=\"1\" data-animation=\"reveal-from-left\" data-delay=\"0\" >\n\t\t<div class=\"vc_column-inner\" >\n\t\t\t<div class=\"wpb_wrapper\">\n\t\t\t\t\n<div class=\"wpb_text_column wpb_content_element\" >\n\t<div class=\"wpb_wrapper\">\n\t\t<h1 style=\"color: white; font-weight: bold !important;\">Seniordomo<\/h1>\n\t<\/div>\n<\/div>\n\n\n\n<div class=\"divider-wrap\" data-alignment=\"default\"><div style=\"margin-top: 37.5px; height: 2px; margin-bottom: 37.5px;\" data-width=\"100%\" data-animate=\"\" data-animation-delay=\"\" data-color=\"extra-color-1\" class=\"divider-border\"><\/div><\/div>\n<div class=\"wpb_text_column wpb_content_element\" >\n\t<div class=\"wpb_wrapper\">\n\t\t<h3 style=\"color: white;\">We create 24-hour protection and monitoring solutions anywhere.<\/h3>\n\t<\/div>\n<\/div>\n\n\n\n\n<div class=\"wpb_text_column wpb_content_element\" >\n\t<div class=\"wpb_wrapper\">\n\t\t<ul>\n<li style=\"color: white;\">We add value in the social and health sector such as telecare, residences, supervised apartments, day centers, etc. with our solution.<\/li>\n<li style=\"color: white;\">People who use our service:\n<ul>\n<li>Improve their well-being;<\/li>\n<li>Increase their autonomy;<\/li>\n<li>Reduce their loneliness.<\/li>\n<\/ul>\n<\/li>\n<\/ul>\n\t<\/div>\n<\/div>\n\n\n\n\n\t\t\t<\/div> \n\t\t<\/div>\n\t<\/div> \n\n\t<div  class=\"vc_col-sm-6 center-vertical wpb_column column_container vc_column_container col has-animation no-extra-padding inherit_tablet inherit_phone\"  data-padding-pos=\"all\" data-has-bg-color=\"false\" data-bg-color=\"\" data-bg-opacity=\"1\" data-animation=\"reveal-from-right\" data-delay=\"0\" >\n\t\t<div class=\"vc_column-inner\" >\n\t\t\t<div class=\"wpb_wrapper\">\n\t\t\t\t<div class=\"img-with-aniamtion-wrap center\" data-max-width=\"100%\" data-max-width-mobile=\"default\" data-shadow=\"none\" data-animation=\"none\" >\n      <div class=\"inner\">\n        <div class=\"hover-wrap\"> \n          <div class=\"hover-wrap-inner\">\n            <img loading=\"lazy\" decoding=\"async\" class=\"img-with-animation skip-lazy\" data-delay=\"0\" height=\"481\" width=\"481\" data-animation=\"none\" src=\"https:\/\/bizinest.pt\/wp-content\/uploads\/2024\/01\/seniordomo.png\" alt=\"\" srcset=\"https:\/\/bizinest.pt\/wp-content\/uploads\/2024\/01\/seniordomo.png 481w, https:\/\/bizinest.pt\/wp-content\/uploads\/2024\/01\/seniordomo-300x300.png 300w, https:\/\/bizinest.pt\/wp-content\/uploads\/2024\/01\/seniordomo-150x150.png 150w, https:\/\/bizinest.pt\/wp-content\/uploads\/2024\/01\/seniordomo-12x12.png 12w, https:\/\/bizinest.pt\/wp-content\/uploads\/2024\/01\/seniordomo-140x140.png 140w, https:\/\/bizinest.pt\/wp-content\/uploads\/2024\/01\/seniordomo-100x100.png 100w, https:\/\/bizinest.pt\/wp-content\/uploads\/2024\/01\/seniordomo-350x350.png 350w\" sizes=\"auto, (max-width: 481px) 100vw, 481px\" \/>\n          <\/div>\n        <\/div>\n      <\/div>\n    <\/div>\n\t\t\t<\/div> \n\t\t<\/div>\n\t<\/div> \n<\/div><\/div>\n\t\t<div id=\"fws_69e01da5cf1e1\"  data-column-margin=\"default\" data-midnight=\"dark\"  class=\"wpb_row vc_row-fluid vc_row full-width-section parallax_section\"  style=\"padding-top: 150px; padding-bottom: 150px; \"><div class=\"row-bg-wrap\" data-bg-animation=\"zoom-out-slow\" data-bg-animation-delay=\"\" data-bg-overlay=\"false\"><div class=\"inner-wrap row-bg-layer\" ><div class=\"row-bg viewport-desktop\" data-parallax-speed=\"slow\" style=\"\"><\/div><\/div><\/div><div class=\"row_col_wrap_12 col span_12 dark left\">\n\t<div  class=\"vc_col-sm-12 center-vertical wpb_column column_container vc_column_container col no-extra-padding inherit_tablet inherit_phone\"  data-padding-pos=\"all\" data-has-bg-color=\"false\" data-bg-color=\"\" data-bg-opacity=\"1\" data-animation=\"\" data-delay=\"0\" >\n\t\t<div class=\"vc_column-inner\" >\n\t\t\t<div class=\"wpb_wrapper\">\n\t\t\t\t\n<div class=\"wpb_text_column wpb_content_element  vc_custom_1705422600723\" >\n\t<div class=\"wpb_wrapper\">\n\t\t<h1 style=\"color: #1D2C40; font-weight: bold !important; text-align: center;\"><span class=\"HwtZe\" lang=\"pt\"><span class=\"jCAhz ChMk0b\"><span class=\"ryNqvb\">Technology That Empowers People<\/span><\/span><\/span><\/h1>\n\t<\/div>\n<\/div>\n\n\n\n<div class=\"divider-wrap\" data-alignment=\"center\"><div style=\"margin-top: 37.5px; width: 20%; height: 2px; margin-bottom: 37.5px;\" data-width=\"20%\" data-animate=\"\" data-animation-delay=\"\" data-color=\"extra-color-1\" class=\"divider-small-border\"><\/div><\/div><div id=\"fws_69e01da5cf743\" data-midnight=\"\" data-column-margin=\"default\" class=\"wpb_row vc_row-fluid vc_row inner_row vc_row-o-equal-height vc_row-flex\"  style=\"padding-top: 25px; \"><div class=\"row-bg-wrap\"> <div class=\"row-bg\" ><\/div> <\/div><div class=\"row_col_wrap_12_inner col span_12  left\">\n\t<div  class=\"vc_col-sm-6 wpb_column column_container vc_column_container col child_column no-extra-padding inherit_tablet inherit_phone\"   data-padding-pos=\"all\" data-has-bg-color=\"false\" data-bg-color=\"\" data-bg-opacity=\"1\" data-animation=\"\" data-delay=\"0\" >\n\t\t<div class=\"vc_column-inner\" >\n\t\t<div class=\"wpb_wrapper\">\n\t\t\t<div class=\"nectar-fancy-box using-img\" data-style=\"color_box_hover\" data-animation=\"\" data-hover-o=\"default\" data-border-radius=\"default\" data-border=\"true\" data-box-color-opacity=\"1\" data-delay=\"\" data-alignment=\"left\" data-color=\"extra-color-2\" ><div class=\"box-inner-wrap\"><div class=\"box-bg\"  data-nectar-img-src=\"https:\/\/bizinest.pt\/wp-content\/uploads\/2023\/12\/image-008-scaled.jpg\"><\/div> <div class=\"inner\" style=\"min-height: 550px\"><div class=\"inner-wrap\"><span class=\"im-icon-wrap\" data-color=\"extra-color-2\"><span><svg role=\"presentation\" version=\"1.1\" xmlns=\"http:\/\/www.w3.org\/2000\/svg\" width=\"50\" height=\"50\" viewbox=\"0 0 40 32\">\n        <path d=\"M33.333 32h-26.667c-1.471 0-2.667-1.195-2.667-2.667v-7.333c0-0.128 0.036-0.251 0.104-0.357l5.699-8.972c0.699-1.225 2.040-2.003 3.481-2.003h13.431c1.443 0 2.783 0.777 3.499 2.029l5.683 8.945c0.068 0.108 0.104 0.229 0.104 0.357v7.333c0 1.472-1.195 2.667-2.667 2.667zM5.333 22.195v7.139c0 0.736 0.599 1.333 1.333 1.333h26.667c0.735 0 1.333-0.597 1.333-1.333v-7.139l-5.593-8.809c-0.495-0.864-1.393-1.385-2.359-1.385h-13.431c-0.965 0-1.861 0.521-2.34 1.359l-5.611 8.836zM38 13.333h-5.333c-1.103 0-2-0.897-2-2v-1.333c0-2.751-5.621-4.667-10.667-4.667s-10.667 1.917-10.667 4.667v1.333c0 1.103-0.897 2-2 2h-5.333c-1.103 0-2-0.897-2-2v-2.333c0-5.557 10.381-9 20-9s20 3.443 20 9v2.333c0 1.103-0.897 2-2 2zM20 4c5.899 0 12 2.244 12 6v1.333c0 0.367 0.3 0.667 0.667 0.667h5.333c0.367 0 0.667-0.3 0.667-0.667v-2.333c0-4.519-9.837-7.667-18.667-7.667s-18.667 3.148-18.667 7.667v2.333c0 0.367 0.299 0.667 0.667 0.667h5.333c0.368 0 0.667-0.3 0.667-0.667v-1.333c0-3.756 6.101-6 12-6zM20 24c-5.233 0-9.333-2.343-9.333-5.333s4.1-5.333 9.333-5.333 9.333 2.343 9.333 5.333-4.1 5.333-9.333 5.333zM20 14.667c-4.336 0-8 1.832-8 4s3.664 4 8 4 8-1.832 8-4-3.664-4-8-4z\"><\/path>\n        <\/svg><\/span><\/span>\n<h3 style=\"color: #1D2C40\">Traditional Telecare,<br \/>\n90s Technology<\/h3>\n<ul>\n<li style=\"color: #1D2C40\">It generally does not work outside the home;<\/li>\n<li style=\"color: #1D2C40\">It is complex to install and\/or requires installers;<\/li>\n<li style=\"color: #1D2C40\">Does not prevent or detect risk situations;<\/li>\n<li style=\"color: #1D2C40\">It makes it difficult for family and children to participate;<\/li>\n<\/ul>\n<\/div><\/div>  <\/div> <\/div>\n\t\t<\/div> \n\t<\/div>\n\t<\/div> \n\n\t<div  class=\"vc_col-sm-6 wpb_column column_container vc_column_container col child_column no-extra-padding inherit_tablet inherit_phone\"   data-padding-pos=\"all\" data-has-bg-color=\"false\" data-bg-color=\"\" data-bg-opacity=\"1\" data-animation=\"\" data-delay=\"0\" >\n\t\t<div class=\"vc_column-inner\" >\n\t\t<div class=\"wpb_wrapper\">\n\t\t\t<div class=\"nectar-fancy-box using-img\" data-style=\"color_box_hover\" data-animation=\"\" data-hover-o=\"default\" data-border-radius=\"default\" data-border=\"true\" data-box-color-opacity=\"1\" data-delay=\"\" data-alignment=\"left\" data-color=\"extra-color-2\" ><div class=\"box-inner-wrap\"><div class=\"box-bg\"  data-nectar-img-src=\"https:\/\/bizinest.pt\/wp-content\/uploads\/2023\/12\/image-018-scaled.jpg\"><\/div> <div class=\"inner\" style=\"min-height: 550px\"><div class=\"inner-wrap\"><span class=\"im-icon-wrap\" data-color=\"extra-color-2\"><span><svg role=\"presentation\" version=\"1.1\" xmlns=\"http:\/\/www.w3.org\/2000\/svg\" width=\"50\" height=\"50\" viewbox=\"0 0 32 32\">\n        <path d=\"M27.333 28.333c-0.367 0-0.667-0.299-0.667-0.667v-13.733c0-5.495-5.633-9.6-10.667-9.6-5.035 0-10.667 4.105-10.667 9.6v5.733c0 0.368-0.299 0.667-0.667 0.667s-0.667-0.299-0.667-0.667v-5.733c0-5.824 5.608-10.933 12-10.933s12 5.109 12 10.933v13.733c0 0.368-0.3 0.667-0.667 0.667zM4.667 29h-4c-0.368 0-0.667-0.299-0.667-0.667v-9.333c0-0.368 0.299-0.667 0.667-0.667h4c0.368 0 0.667 0.299 0.667 0.667v9.333c0 0.368-0.299 0.667-0.667 0.667zM1.333 27.667h2.667v-8h-2.667v8zM31.333 29h-4c-0.367 0-0.667-0.299-0.667-0.667v-9.333c0-0.368 0.3-0.667 0.667-0.667h4c0.367 0 0.667 0.299 0.667 0.667v9.333c0 0.368-0.3 0.667-0.667 0.667zM28 27.667h2.667v-8h-2.667v8z\"><\/path>\n        <\/svg><\/span><\/span>\n<h3 style=\"color: #1D2C40\">Improving Telecare<\/h3>\n<ul>\n<li style=\"color: #1D2C40\">We transformed the traditional red button into a differentiating solution;<\/li>\n<li style=\"color: #1D2C40\">Does not require a landline or cell phone for the user and the installation is wireless;<\/li>\n<li style=\"color: #1D2C40\">We expanded coverage because it also works outside the home;<\/li>\n<li style=\"color: #1D2C40\">Detect risk situations with non-intrusive monitoring;<\/li>\n<li style=\"color: #1D2C40\">No microphones or cameras;<\/li>\n<li style=\"color: #1D2C40\">We give you a web and mobile management tool to monitor what is happening.<\/li>\n<\/ul>\n<\/div><\/div>  <\/div> <\/div>\n\t\t<\/div> \n\t<\/div>\n\t<\/div> \n<\/div><\/div><div id=\"fws_69e01da5d0ea4\" data-midnight=\"\" data-column-margin=\"default\" class=\"wpb_row vc_row-fluid vc_row inner_row vc_row-o-equal-height vc_row-flex\"  style=\"padding-top: 25px; \"><div class=\"row-bg-wrap\"> <div class=\"row-bg\" ><\/div> <\/div><div class=\"row_col_wrap_12_inner col span_12  left\">\n\t<div  class=\"vc_col-sm-6 wpb_column column_container vc_column_container col child_column no-extra-padding inherit_tablet inherit_phone\"   data-padding-pos=\"all\" data-has-bg-color=\"false\" data-bg-color=\"\" data-bg-opacity=\"1\" data-animation=\"\" data-delay=\"0\" >\n\t\t<div class=\"vc_column-inner\" >\n\t\t<div class=\"wpb_wrapper\">\n\t\t\t<div class=\"nectar-fancy-box using-img\" data-style=\"color_box_hover\" data-animation=\"\" data-hover-o=\"default\" data-border-radius=\"default\" data-border=\"true\" data-box-color-opacity=\"1\" data-delay=\"\" data-alignment=\"left\" data-color=\"extra-color-2\" ><div class=\"box-inner-wrap\"><div class=\"box-bg\"  data-nectar-img-src=\"https:\/\/bizinest.pt\/wp-content\/uploads\/2023\/12\/image-000-scaled.jpg\"><\/div> <div class=\"inner\" style=\"min-height: 550px\"><div class=\"inner-wrap\"><span class=\"im-icon-wrap\" data-color=\"extra-color-2\"><span><svg role=\"presentation\" version=\"1.1\" xmlns=\"http:\/\/www.w3.org\/2000\/svg\" width=\"50\" height=\"50\" viewbox=\"0 0 32 32\">\n        <path d=\"M16 32c-7.353 0-13.333-5.981-13.333-13.333v-14c0-0.184 0.076-0.36 0.209-0.484 0.135-0.127 0.316-0.195 0.497-0.181 6.444 0.384 9.361-1.151 12.168-3.817 0.257-0.245 0.661-0.245 0.919 0 2.805 2.668 5.735 4.2 12.168 3.817 0.187-0.009 0.361 0.056 0.497 0.181 0.132 0.124 0.208 0.303 0.208 0.484v14c0 7.352-5.981 13.333-13.333 13.333zM4 5.367v13.3c0 6.617 5.384 12 12 12 6.615 0 12-5.383 12-12v-13.3c-6.137 0.248-9.183-1.247-12-3.795-2.817 2.552-5.859 4.040-12 3.795zM14 10.667h-10c-0.368 0-0.667-0.3-0.667-0.667s0.299-0.667 0.667-0.667h9.333v-6.667c0-0.367 0.299-0.667 0.667-0.667s0.667 0.3 0.667 0.667v7.333c0 0.367-0.3 0.667-0.667 0.667zM28 10.667h-10c-0.368 0-0.667-0.3-0.667-0.667v-7.333c0-0.367 0.299-0.667 0.667-0.667 0.367 0 0.667 0.3 0.667 0.667v6.667h9.333c0.367 0 0.667 0.3 0.667 0.667s-0.3 0.667-0.667 0.667zM18 31.333c-0.368 0-0.667-0.3-0.667-0.667v-16.667c0-0.367 0.299-0.667 0.667-0.667h10c0.367 0 0.667 0.3 0.667 0.667s-0.3 0.667-0.667 0.667h-9.333v16c0 0.367-0.3 0.667-0.667 0.667zM14 31.333c-0.368 0-0.667-0.3-0.667-0.667v-16h-9.333c-0.368 0-0.667-0.3-0.667-0.667s0.299-0.667 0.667-0.667h10c0.368 0 0.667 0.3 0.667 0.667v16.667c0 0.367-0.3 0.667-0.667 0.667z\"><\/path>\n        <\/svg><\/span><\/span>\n<h3 style=\"color: #1D2C40\">24-hour protection, anywhere<\/h3>\n<ul>\n<li style=\"color: #1D2C40\">Automated detection of risk situations;<\/li>\n<li style=\"color: #1D2C40\">Help button and speakerphone;<\/li>\n<li style=\"color: #1D2C40\">Indoor and outdoor location with advanced algorithms;<\/li>\n<li style=\"color: #1D2C40\">Health (pulse, voltage, sp2o, temperature (in beta));<\/li>\n<li style=\"color: #1D2C40\">Medication reminder;<\/li>\n<li style=\"color: #1D2C40\">Magnetic charging;<\/li>\n<li style=\"color: #1D2C40\">Self-installable with QR;<\/li>\n<li style=\"color: #1D2C40\">Device with SIM that makes it autonomous;<\/li>\n<li style=\"color: #1D2C40\">White label;<\/li>\n<\/ul>\n<\/div><\/div>  <\/div> <\/div>\n\t\t<\/div> \n\t<\/div>\n\t<\/div> \n\n\t<div  class=\"vc_col-sm-6 wpb_column column_container vc_column_container col child_column no-extra-padding inherit_tablet inherit_phone\"   data-padding-pos=\"all\" data-has-bg-color=\"false\" data-bg-color=\"\" data-bg-opacity=\"1\" data-animation=\"\" data-delay=\"0\" >\n\t\t<div class=\"vc_column-inner\" >\n\t\t<div class=\"wpb_wrapper\">\n\t\t\t<div class=\"nectar-fancy-box using-img\" data-style=\"color_box_hover\" data-animation=\"\" data-hover-o=\"default\" data-border-radius=\"default\" data-border=\"true\" data-box-color-opacity=\"1\" data-delay=\"\" data-alignment=\"left\" data-color=\"extra-color-2\" ><div class=\"box-inner-wrap\"><div class=\"box-bg\"  data-nectar-img-src=\"https:\/\/bizinest.pt\/wp-content\/uploads\/2023\/12\/side-view-man-using-smartphone.jpg\"><\/div> <div class=\"inner\" style=\"min-height: 550px\"><div class=\"inner-wrap\"><span class=\"im-icon-wrap\" data-color=\"extra-color-2\"><span><svg role=\"presentation\" version=\"1.1\" xmlns=\"http:\/\/www.w3.org\/2000\/svg\" width=\"50\" height=\"50\" viewbox=\"0 0 32 32\">\n        <path d=\"M16 20.667c-2.991 0-5.333-2.472-5.333-5.624v-5.477c0-0.184 0.076-0.359 0.209-0.484 0.132-0.127 0.311-0.208 0.496-0.181 2.345 0.139 3.080-0.305 4.161-1.373 0.259-0.255 0.677-0.255 0.936 0 1.081 1.068 1.813 1.513 4.161 1.373 0.183-0.028 0.363 0.055 0.497 0.181 0.133 0.129 0.208 0.304 0.208 0.484v5.477c-0.003 3.152-2.345 5.624-5.336 5.624zM12 10.252v4.791c0 2.407 1.757 4.291 4 4.291s4-1.884 4-4.291v-4.791c-0.031 0.003-0.065 0.003-0.097 0.003-2.016 0-3.020-0.555-3.903-1.339-0.896 0.797-1.979 1.367-4 1.336zM26 32h-20c-0.368 0-0.667-0.3-0.667-0.667v-30.667c0-0.367 0.299-0.667 0.667-0.667h20c0.367 0 0.667 0.3 0.667 0.667v30.667c0 0.367-0.3 0.667-0.667 0.667zM6.667 30.667h18.667v-29.333h-18.667v29.333zM23.333 24h-14.667c-0.368 0-0.667-0.3-0.667-0.667v-20c0-0.367 0.299-0.667 0.667-0.667h14.667c0.367 0 0.667 0.3 0.667 0.667v20c0 0.367-0.3 0.667-0.667 0.667zM9.333 22.667h13.333v-18.667h-13.333v18.667zM16 30c-1.103 0-2-0.897-2-2s0.897-2 2-2 2 0.897 2 2-0.897 2-2 2zM16 27.333c-0.368 0-0.667 0.3-0.667 0.667s0.299 0.667 0.667 0.667 0.667-0.3 0.667-0.667-0.299-0.667-0.667-0.667z\"><\/path>\n        <\/svg><\/span><\/span>\n<h3 style=\"color: #1D2C40\">Family\/Caregiver Mobile App<\/h3>\n<ul>\n<li style=\"color: #1D2C40\">Senior protection surveillance;<\/li>\n<li style=\"color: #1D2C40\">Help button;<\/li>\n<li style=\"color: #1D2C40\">Voice with family members;<\/li>\n<li style=\"color: #1D2C40\">medicine recorders;<\/li>\n<li style=\"color: #1D2C40\">Steps, saturation, pulse and blood pressure;<\/li>\n<li style=\"color: #1D2C40\">GPS location;<\/li>\n<li style=\"color: #1D2C40\">The battery lasts 3 days and works with GPS;<\/li>\n<li style=\"color: #1D2C40\">Easy charging without connectors;<\/li>\n<li style=\"color: #1D2C40\">Inbound call to authorized numbers.<\/li>\n<\/ul>\n<\/div><\/div>  <\/div> <\/div>\n\t\t<\/div> \n\t<\/div>\n\t<\/div> \n<\/div><\/div>\n\t\t\t<\/div> \n\t\t<\/div>\n\t<\/div> \n<\/div><\/div>","protected":false},"excerpt":{"rendered":"Seniordomo Criamos solu\u00e7\u00f5es de prote\u00e7\u00e3o e acompanhamento 24 horas em qualquer lugar. Agregamos valor no setor social e de sa\u00fade como teleassist\u00eancia, resid\u00eancias, apartamentos supervisionados, centros de dia, etc. com...","protected":false},"author":1,"featured_media":0,"parent":0,"menu_order":0,"comment_status":"closed","ping_status":"closed","template":"","meta":{"footnotes":""},"class_list":["post-947","page","type-page","status-publish"],"_links":{"self":[{"href":"https:\/\/bizinest.pt\/en\/wp-json\/wp\/v2\/pages\/947","targetHints":{"allow":["GET"]}}],"collection":[{"href":"https:\/\/bizinest.pt\/en\/wp-json\/wp\/v2\/pages"}],"about":[{"href":"https:\/\/bizinest.pt\/en\/wp-json\/wp\/v2\/types\/page"}],"author":[{"embeddable":true,"href":"https:\/\/bizinest.pt\/en\/wp-json\/wp\/v2\/users\/1"}],"replies":[{"embeddable":true,"href":"https:\/\/bizinest.pt\/en\/wp-json\/wp\/v2\/comments?post=947"}],"version-history":[{"count":13,"href":"https:\/\/bizinest.pt\/en\/wp-json\/wp\/v2\/pages\/947\/revisions"}],"predecessor-version":[{"id":1216,"href":"https:\/\/bizinest.pt\/en\/wp-json\/wp\/v2\/pages\/947\/revisions\/1216"}],"wp:attachment":[{"href":"https:\/\/bizinest.pt\/en\/wp-json\/wp\/v2\/media?parent=947"}],"curies":[{"name":"wp","href":"https:\/\/api.w.org\/{rel}","templated":true}]}}