{"id":971,"date":"2023-12-19T16:13:56","date_gmt":"2023-12-19T16:13:56","guid":{"rendered":"https:\/\/guerilla.pt\/bizinest\/?page_id=971"},"modified":"2024-01-09T17:02:34","modified_gmt":"2024-01-09T17:02:34","slug":"strategic-routing","status":"publish","type":"page","link":"https:\/\/bizinest.pt\/en\/strategic-routing\/","title":{"rendered":"Route Optimization Platform \u2013 Strategic Routing"},"content":{"rendered":"<div id=\"fws_69f43294499cb\"  data-column-margin=\"default\" data-midnight=\"dark\"  class=\"wpb_row vc_row-fluid vc_row full-width-section parallax_section\"  style=\"padding-top: 150px; padding-bottom: 150px; \"><div class=\"row-bg-wrap\" data-bg-animation=\"zoom-out-slow\" data-bg-animation-delay=\"\" data-bg-overlay=\"true\"><div class=\"inner-wrap row-bg-layer using-image\" ><div class=\"row-bg viewport-desktop using-image using-bg-color\" data-parallax-speed=\"slow\" style=\"background-image: url(https:\/\/bizinest.pt\/wp-content\/uploads\/2023\/12\/abstract-background-with-low-poly-design-4.png); background-position: left top; background-repeat: no-repeat; background-color: #004079; \"><\/div><\/div><div class=\"row-bg-overlay row-bg-layer\" style=\"background-color:#004079;  opacity: 0.8; \"><\/div><\/div><div class=\"row_col_wrap_12 col span_12 dark left\">\n\t<div  class=\"vc_col-sm-6 center-vertical wpb_column column_container vc_column_container col has-animation no-extra-padding inherit_tablet inherit_phone\"  data-padding-pos=\"all\" data-has-bg-color=\"false\" data-bg-color=\"\" data-bg-opacity=\"1\" data-animation=\"reveal-from-left\" data-delay=\"0\" >\n\t\t<div class=\"vc_column-inner\" >\n\t\t\t<div class=\"wpb_wrapper\">\n\t\t\t\t\n<div class=\"wpb_text_column wpb_content_element\" >\n\t<div class=\"wpb_wrapper\">\n\t\t<h1 style=\"color: white; font-weight: bold !important;\">Route Optimization Platform \u2013 \u201cStrategic Routing\u201d<\/h1>\n\t<\/div>\n<\/div>\n\n\n\n<div class=\"divider-wrap\" data-alignment=\"default\"><div style=\"margin-top: 37.5px; height: 2px; margin-bottom: 37.5px;\" data-width=\"100%\" data-animate=\"\" data-animation-delay=\"\" data-color=\"extra-color-2\" class=\"divider-border\"><\/div><\/div>\n\t\t\t<\/div> \n\t\t<\/div>\n\t<\/div> \n\n\t<div  class=\"vc_col-sm-6 center-vertical wpb_column column_container vc_column_container col has-animation no-extra-padding inherit_tablet inherit_phone\"  data-padding-pos=\"all\" data-has-bg-color=\"false\" data-bg-color=\"\" data-bg-opacity=\"1\" data-animation=\"reveal-from-right\" data-delay=\"0\" >\n\t\t<div class=\"vc_column-inner\" >\n\t\t\t<div class=\"wpb_wrapper\">\n\t\t\t\t<div class=\"img-with-aniamtion-wrap center\" data-max-width=\"100%\" data-max-width-mobile=\"default\" data-shadow=\"none\" data-animation=\"none\" >\n      <div class=\"inner\">\n        <div class=\"hover-wrap\"> \n          <div class=\"hover-wrap-inner\">\n            <img loading=\"lazy\" decoding=\"async\" class=\"img-with-animation skip-lazy\" data-delay=\"0\" height=\"100\" width=\"100\" data-animation=\"none\" src=\"\" alt=\"\"  \/>\n          <\/div>\n        <\/div>\n      <\/div>\n    <\/div>\n\t\t\t<\/div> \n\t\t<\/div>\n\t<\/div> \n<\/div><\/div>\n\t\t<div id=\"fws_69f432944ae07\"  data-column-margin=\"default\" data-midnight=\"dark\"  class=\"wpb_row vc_row-fluid vc_row full-width-section parallax_section\"  style=\"padding-top: 150px; padding-bottom: 150px; \"><div class=\"row-bg-wrap\" data-bg-animation=\"zoom-out-slow\" data-bg-animation-delay=\"\" data-bg-overlay=\"false\"><div class=\"inner-wrap row-bg-layer\" ><div class=\"row-bg viewport-desktop\" data-parallax-speed=\"slow\" style=\"\"><\/div><\/div><\/div><div class=\"row_col_wrap_12 col span_12 dark left\">\n\t<div  class=\"vc_col-sm-12 center-vertical wpb_column column_container vc_column_container col no-extra-padding inherit_tablet inherit_phone\"  data-padding-pos=\"all\" data-has-bg-color=\"false\" data-bg-color=\"\" data-bg-opacity=\"1\" data-animation=\"\" data-delay=\"0\" >\n\t\t<div class=\"vc_column-inner\" >\n\t\t\t<div class=\"wpb_wrapper\">\n\t\t\t\t<div id=\"fws_69f432944b26a\" data-midnight=\"\" data-column-margin=\"default\" class=\"wpb_row vc_row-fluid vc_row inner_row vc_row-o-equal-height vc_row-flex\"  style=\"padding-top: 25px; \"><div class=\"row-bg-wrap\"> <div class=\"row-bg\" ><\/div> <\/div><div class=\"row_col_wrap_12_inner col span_12  left\">\n\t<div  class=\"vc_col-sm-4 wpb_column column_container vc_column_container col child_column no-extra-padding inherit_tablet inherit_phone\"   data-padding-pos=\"all\" data-has-bg-color=\"false\" data-bg-color=\"\" data-bg-opacity=\"1\" data-animation=\"\" data-delay=\"0\" >\n\t\t<div class=\"vc_column-inner\" >\n\t\t<div class=\"wpb_wrapper\">\n\t\t\t<div class=\"nectar-fancy-box using-img\" data-style=\"color_box_hover\" data-animation=\"\" data-hover-o=\"default\" data-border-radius=\"default\" data-border=\"true\" data-box-color-opacity=\"1\" data-delay=\"\" data-alignment=\"left\" data-color=\"extra-color-2\" ><div class=\"box-inner-wrap\"><div class=\"box-bg\"  data-nectar-img-src=\"https:\/\/bizinest.pt\/wp-content\/uploads\/2023\/12\/html-css-collage-concept-with-person.jpg\"><\/div> <div class=\"inner\" style=\"min-height: 550px\"><div class=\"inner-wrap\"><span class=\"im-icon-wrap\" data-color=\"extra-color-2\"><span><svg role=\"presentation\" version=\"1.1\" xmlns=\"http:\/\/www.w3.org\/2000\/svg\" width=\"50\" height=\"50\" viewbox=\"0 0 32 32\">\n        <path d=\"M28.667 32h-25.333c-2.555 0-3.333-0.779-3.333-3.333v-21.333c0-0.368 0.299-0.667 0.667-0.667h30.667c0.367 0 0.667 0.299 0.667 0.667v21.333c0 2.555-0.779 3.333-3.333 3.333zM1.333 8v20.667c0 1.832 0.168 2 2 2h25.333c1.832 0 2-0.168 2-2v-20.667h-29.333zM6 29.333c-1.103 0-2-0.897-2-2s0.897-2 2-2 2 0.897 2 2-0.897 2-2 2zM6 26.667c-0.368 0-0.667 0.3-0.667 0.667s0.299 0.667 0.667 0.667 0.667-0.3 0.667-0.667-0.299-0.667-0.667-0.667zM6 21.333c-1.103 0-2-0.897-2-2s0.897-2 2-2 2 0.897 2 2-0.897 2-2 2zM6 18.667c-0.368 0-0.667 0.3-0.667 0.667s0.299 0.667 0.667 0.667 0.667-0.3 0.667-0.667-0.299-0.667-0.667-0.667zM30.667 24h-29.333c-0.368 0-0.667-0.3-0.667-0.667s0.299-0.667 0.667-0.667h29.333c0.367 0 0.667 0.3 0.667 0.667s-0.3 0.667-0.667 0.667zM30.667 16h-29.333c-0.368 0-0.667-0.299-0.667-0.667s0.299-0.667 0.667-0.667h29.333c0.367 0 0.667 0.299 0.667 0.667s-0.3 0.667-0.667 0.667zM26.667 28h-6.667c-0.367 0-0.667-0.3-0.667-0.667s0.3-0.667 0.667-0.667h6.667c0.367 0 0.667 0.3 0.667 0.667s-0.3 0.667-0.667 0.667zM26.667 20h-6.667c-0.367 0-0.667-0.3-0.667-0.667s0.3-0.667 0.667-0.667h6.667c0.367 0 0.667 0.3 0.667 0.667s-0.3 0.667-0.667 0.667zM6 13.333c-1.103 0-2-0.897-2-2s0.897-2 2-2 2 0.897 2 2-0.897 2-2 2zM6 10.667c-0.368 0-0.667 0.3-0.667 0.667s0.299 0.667 0.667 0.667 0.667-0.3 0.667-0.667-0.299-0.667-0.667-0.667zM26.667 12h-6.667c-0.367 0-0.667-0.299-0.667-0.667s0.3-0.667 0.667-0.667h6.667c0.367 0 0.667 0.299 0.667 0.667s-0.3 0.667-0.667 0.667zM31.333 8h-30.667c-0.256 0-0.489-0.147-0.601-0.377-0.111-0.231-0.080-0.505 0.080-0.705l5.333-6.667c0.127-0.157 0.319-0.251 0.521-0.251h20c0.203 0 0.393 0.092 0.521 0.251l5.333 6.667c0.16 0.2 0.192 0.475 0.081 0.705-0.113 0.231-0.348 0.377-0.603 0.377zM2.055 6.667h27.892l-4.267-5.333h-19.36l-4.265 5.333z\"><\/path>\n        <\/svg><\/span><\/span>\n<h3 style=\"color: #004079\">Data Integration<\/h3>\n<ul>\n<li style=\"color: #004079\">Importing company data and shipping information<\/li>\n<li style=\"color: #004079\">Importing data on the day's expected shipments<\/li>\n<li style=\"color: #004079\">Integration of digital documents from \u201cinbound\u201d branches through the TSL service (security protocol)<\/li>\n<\/ul>\n<\/div><\/div>  <\/div> <\/div>\n\t\t<\/div> \n\t<\/div>\n\t<\/div> \n\n\t<div  class=\"vc_col-sm-4 wpb_column column_container vc_column_container col child_column no-extra-padding inherit_tablet inherit_phone\"   data-padding-pos=\"all\" data-has-bg-color=\"false\" data-bg-color=\"\" data-bg-opacity=\"1\" data-animation=\"\" data-delay=\"0\" >\n\t\t<div class=\"vc_column-inner\" >\n\t\t<div class=\"wpb_wrapper\">\n\t\t\t<div class=\"nectar-fancy-box using-img\" data-style=\"color_box_hover\" data-animation=\"\" data-hover-o=\"default\" data-border-radius=\"default\" data-border=\"true\" data-box-color-opacity=\"1\" data-delay=\"\" data-alignment=\"left\" data-color=\"extra-color-2\" ><div class=\"box-inner-wrap\"><div class=\"box-bg\"  data-nectar-img-src=\"https:\/\/bizinest.pt\/wp-content\/uploads\/2023\/12\/crop-employee-with-tablet-pencil.jpg\"><\/div> <div class=\"inner\" style=\"min-height: 550px\"><div class=\"inner-wrap\"><span class=\"im-icon-wrap\" data-color=\"extra-color-2\"><span><svg role=\"presentation\" version=\"1.1\" xmlns=\"http:\/\/www.w3.org\/2000\/svg\" width=\"50\" height=\"50\" viewbox=\"0 0 32 32\">\n        <path d=\"M18.007 24.028h-4c-0.368 0-0.667-0.3-0.667-0.667v-9.333c0-0.367 0.299-0.667 0.667-0.667h4c0.368 0 0.667 0.3 0.667 0.667v9.333c0 0.368-0.299 0.667-0.667 0.667zM14.673 22.695h2.667v-8h-2.667v8zM16.007 12.073c-1.475 0-2.675-1.197-2.675-2.675s1.2-2.675 2.675-2.675c1.475 0 2.675 1.197 2.675 2.675s-1.2 2.675-2.675 2.675zM16.007 8.057c-0.74 0-1.341 0.601-1.341 1.341s0.601 1.341 1.341 1.341c0.741 0 1.341-0.601 1.341-1.341s-0.6-1.341-1.341-1.341zM16 32c-8.823 0-16-7.177-16-16s7.177-16 16-16 16 7.177 16 16-7.177 16-16 16zM16 1.333c-8.087 0-14.667 6.583-14.667 14.667 0 8.087 6.58 14.667 14.667 14.667 8.085 0 14.667-6.58 14.667-14.667 0-8.085-6.579-14.667-14.667-14.667z\"><\/path>\n        <\/svg><\/span><\/span>\n<h3 style=\"color: #004079\">Data and Information<\/h3>\n<ul>\n<li style=\"color: #004079\">Tracking Number<\/li>\n<li style=\"color: #004079\">Recipient<\/li>\n<li style=\"color: #004079\">Address, postal code, locality<\/li>\n<li style=\"color: #004079\">Address Type<\/li>\n<li style=\"color: #004079\">Residential, Commercial<\/li>\n<li style=\"color: #004079\">Weight<\/li>\n<li style=\"color: #004079\">Cash On Delivery<\/li>\n<li style=\"color: #004079\">Quantity, currency<\/li>\n<\/ul>\n<\/div><\/div>  <\/div> <\/div>\n\t\t<\/div> \n\t<\/div>\n\t<\/div> \n\n\t<div  class=\"vc_col-sm-4 wpb_column column_container vc_column_container col child_column no-extra-padding inherit_tablet inherit_phone\"   data-padding-pos=\"all\" data-has-bg-color=\"false\" data-bg-color=\"\" data-bg-opacity=\"1\" data-animation=\"\" data-delay=\"0\" >\n\t\t<div class=\"vc_column-inner\" >\n\t\t<div class=\"wpb_wrapper\">\n\t\t\t<div class=\"nectar-fancy-box using-img\" data-style=\"color_box_hover\" data-animation=\"\" data-hover-o=\"default\" data-border-radius=\"default\" data-border=\"true\" data-box-color-opacity=\"1\" data-delay=\"\" data-alignment=\"left\" data-color=\"extra-color-2\" ><div class=\"box-inner-wrap\"><div class=\"box-bg\"  data-nectar-img-src=\"https:\/\/bizinest.pt\/wp-content\/uploads\/2023\/12\/modern-creative-communication-internet-network-connect-smart-city.jpg\"><\/div> <div class=\"inner\" style=\"min-height: 550px\"><div class=\"inner-wrap\"><span class=\"im-icon-wrap\" data-color=\"extra-color-2\"><span><svg role=\"presentation\" version=\"1.1\" xmlns=\"http:\/\/www.w3.org\/2000\/svg\" width=\"50\" height=\"50\" viewbox=\"0 0 32 32\">\n        <path d=\"M31.333 29.333h-30.667c-0.368 0-0.667-0.3-0.667-0.667v-25.333c0-0.367 0.299-0.667 0.667-0.667h30.667c0.367 0 0.667 0.3 0.667 0.667v25.333c0 0.367-0.3 0.667-0.667 0.667zM1.333 28h29.333v-24h-29.333v24zM30.667 9.333h-29.333c-0.368 0-0.667-0.3-0.667-0.667s0.299-0.667 0.667-0.667h29.333c0.367 0 0.667 0.3 0.667 0.667s-0.3 0.667-0.667 0.667zM23.584 26.167c-2.575 0-4.667-2.093-4.667-4.667s2.092-4.667 4.667-4.667c2.573 0 4.667 2.093 4.667 4.667s-2.095 4.667-4.667 4.667zM23.584 18.167c-1.839 0-3.333 1.495-3.333 3.333s1.495 3.333 3.333 3.333c1.836 0 3.333-1.495 3.333-3.333s-1.496-3.333-3.333-3.333zM24 23.391c-0.161 0-0.323-0.057-0.451-0.176l-1.333-1.224c-0.272-0.249-0.289-0.671-0.040-0.941 0.251-0.271 0.672-0.287 0.941-0.039l0.868 0.8 4.881-4.783c0.263-0.253 0.685-0.251 0.943 0.011 0.257 0.259 0.253 0.689-0.008 0.943l-5.333 5.224c-0.131 0.121-0.3 0.185-0.468 0.185zM4 6c0 0.368-0.299 0.667-0.667 0.667s-0.667-0.299-0.667-0.667c0-0.368 0.299-0.667 0.667-0.667s0.667 0.299 0.667 0.667zM6.667 6c0 0.368-0.299 0.667-0.667 0.667s-0.667-0.299-0.667-0.667c0-0.368 0.299-0.667 0.667-0.667s0.667 0.299 0.667 0.667zM9.333 6c0 0.368-0.299 0.667-0.667 0.667s-0.667-0.299-0.667-0.667c0-0.368 0.299-0.667 0.667-0.667s0.667 0.299 0.667 0.667z\"><\/path>\n        <\/svg><\/span><\/span>\n<h3 style=\"color: #004079\">Strategic Routing<\/h3>\n<ul>\n<li style=\"color: #004079\">SR is a cloud-based web platform for the management, design and optimization needs of express mail routes and routes.<\/li>\n<li style=\"color: #004079\">Highly intuitive graphical tools and state-of-the-art algorithms to increase the efficiency of the entire delivery and collection process.<\/li>\n<\/ul>\n<\/div><\/div>  <\/div> <\/div>\n\t\t<\/div> \n\t<\/div>\n\t<\/div> \n<\/div><\/div><div id=\"fws_69f432944d581\" data-midnight=\"\" data-column-margin=\"default\" class=\"wpb_row vc_row-fluid vc_row inner_row vc_row-o-equal-height vc_row-flex\"  style=\"padding-top: 25px; \"><div class=\"row-bg-wrap\"> <div class=\"row-bg\" ><\/div> <\/div><div class=\"row_col_wrap_12_inner col span_12  left\">\n\t<div  class=\"vc_col-sm-6 wpb_column column_container vc_column_container col child_column no-extra-padding inherit_tablet inherit_phone\"   data-padding-pos=\"all\" data-has-bg-color=\"false\" data-bg-color=\"\" data-bg-opacity=\"1\" data-animation=\"\" data-delay=\"0\" >\n\t\t<div class=\"vc_column-inner\" >\n\t\t<div class=\"wpb_wrapper\">\n\t\t\t<div class=\"nectar-fancy-box using-img\" data-style=\"color_box_hover\" data-animation=\"\" data-hover-o=\"default\" data-border-radius=\"default\" data-border=\"true\" data-box-color-opacity=\"1\" data-delay=\"\" data-alignment=\"left\" data-color=\"extra-color-2\" ><div class=\"box-inner-wrap\"><div class=\"box-bg\"  data-nectar-img-src=\"https:\/\/bizinest.pt\/wp-content\/uploads\/2023\/12\/side-view-woman-working-laptop.jpg\"><\/div> <div class=\"inner\" style=\"min-height: 550px\"><div class=\"inner-wrap\"><span class=\"im-icon-wrap\" data-color=\"extra-color-2\"><span><svg role=\"presentation\" version=\"1.1\" xmlns=\"http:\/\/www.w3.org\/2000\/svg\" width=\"50\" height=\"50\" viewbox=\"0 0 32 32\">\n        <path d=\"M16 16.665c-0.368 0-0.667-0.3-0.667-0.667v-9.333c0-0.367 0.299-0.667 0.667-0.667s0.667 0.3 0.667 0.667v9.333c0 0.367-0.299 0.667-0.667 0.667zM20.667 11.999h-9.333c-0.368 0-0.667-0.3-0.667-0.667s0.299-0.667 0.667-0.667h9.333c0.367 0 0.667 0.3 0.667 0.667s-0.3 0.667-0.667 0.667zM16 31.999v0c-0.209 0-0.407-0.097-0.532-0.264-0.441-0.584-10.801-14.369-10.801-20.479 0-6.204 5.084-11.255 11.333-11.255 6.251 0 11.333 5.051 11.333 11.255 0 6.195-10.361 19.901-10.804 20.479-0.125 0.167-0.321 0.264-0.529 0.264zM16 1.332c-5.515 0-10 4.452-10 9.924 0 4.917 7.863 16.027 10 18.956 2.14-2.917 10-13.969 10-18.956 0-5.472-4.485-9.924-10-9.924z\"><\/path>\n        <\/svg><\/span><\/span>\n<h3 style=\"color: #004079\">Geocoding<\/h3>\n<ol>\n<li style=\"color: #004079\">Assignment of geographic coordinates to all delivery and collection addresses.<\/li>\n<li style=\"color: #004079\">Normalization of addresses in the street directory and historical recipient database.<\/li>\n<li style=\"color: #004079\">Data cleaning algorithm for typing and data entry errors.<\/li>\n<li style=\"color: #004079\">Computational geometry to assign deliveries\/collections to drivers.<\/li>\n<\/ol>\n<\/div><\/div>  <\/div> <\/div>\n\t\t<\/div> \n\t<\/div>\n\t<\/div> \n\n\t<div  class=\"vc_col-sm-6 wpb_column column_container vc_column_container col child_column no-extra-padding inherit_tablet inherit_phone\"   data-padding-pos=\"all\" data-has-bg-color=\"false\" data-bg-color=\"\" data-bg-opacity=\"1\" data-animation=\"\" data-delay=\"0\" >\n\t\t<div class=\"vc_column-inner\" >\n\t\t<div class=\"wpb_wrapper\">\n\t\t\t<div class=\"nectar-fancy-box using-img\" data-style=\"color_box_hover\" data-animation=\"\" data-hover-o=\"default\" data-border-radius=\"default\" data-border=\"true\" data-box-color-opacity=\"1\" data-delay=\"\" data-alignment=\"left\" data-color=\"extra-color-2\" ><div class=\"box-inner-wrap\"><div class=\"box-bg\"  data-nectar-img-src=\"https:\/\/bizinest.pt\/wp-content\/uploads\/2023\/12\/gps-tracker-map-navigation-pins-map-navigation-technology-mapping-capital-road-3d.jpg\"><\/div> <div class=\"inner\" style=\"min-height: 550px\"><div class=\"inner-wrap\"><span class=\"im-icon-wrap\" data-color=\"extra-color-2\"><span><svg role=\"presentation\" version=\"1.1\" xmlns=\"http:\/\/www.w3.org\/2000\/svg\" width=\"50\" height=\"50\" viewbox=\"0 0 32 32\">\n        <path d=\"M1.54 31.105c-0.175 0-0.345-0.069-0.472-0.195-0.163-0.161-0.229-0.397-0.179-0.621l2.223-9.761c0.028-0.123 0.089-0.235 0.179-0.323l17.98-17.98c1.531-1.532 3.984-1.787 5.243-0.528l3.771 3.773c0.651 0.649 0.94 1.573 0.815 2.595-0.12 0.96-0.596 1.899-1.344 2.644l-17.979 17.981c-0.088 0.088-0.201 0.149-0.324 0.177l-9.765 2.221c-0.048 0.009-0.097 0.016-0.147 0.016zM4.371 21.011l-1.944 8.543 8.543-1.944 17.845-17.844c0.536-0.537 0.877-1.2 0.961-1.867 0.076-0.607-0.079-1.135-0.432-1.488l-3.771-3.773c-0.372-0.375-0.857-0.452-1.195-0.452-0.74 0-1.547 0.365-2.161 0.979l-17.847 17.847zM26.029 12.575l-7.333-7.331 0.943-0.943 7.333 7.331-0.943 0.943zM23.391 15.567l-7.333-7.329 0.943-0.943 7.333 7.329-0.943 0.943zM11.889 28.303c-4.067 0-8.209-4.141-8.209-8.211h1.333c0 3.343 3.535 6.877 6.876 6.877v1.333zM7.658 25.266l-0.943-0.943 13.082-13.082 0.943 0.943-13.082 13.082z\"><\/path>\n        <\/svg><\/span><\/span>\n<h3 style=\"color: #004079\">Route Design \u2013 Route Preparation<\/h3>\n<ul>\n<li style=\"color: #004079\">Graphic tool to design and draw on the map of delivery areas<\/li>\n<li style=\"color: #004079\">Display of delivery points on a map. Graphical analysis by zip code, municipalities or projected areas<\/li>\n<li style=\"color: #004079\">Statistical analysis of the period or simulation of individual days in relation to parameters of stops, shipments, packages, route and estimated route time<\/li>\n<li style=\"color: #004079\">Set of settings depending on seasonality for managing processing peaks<\/li>\n<\/ul>\n<\/div><\/div>  <\/div> <\/div>\n\t\t<\/div> \n\t<\/div>\n\t<\/div> \n<\/div><\/div>\n\t\t\t<\/div> \n\t\t<\/div>\n\t<\/div> \n<\/div><\/div>","protected":false},"excerpt":{"rendered":"Plataforma de Otimiza\u00e7\u00e3o de Rotas \u2013 \"Strategic Routing\" Integra\u00e7\u00e3o de Dados Importa\u00e7\u00e3o de dados e informa\u00e7\u00f5es de remessa da empresa Importa\u00e7\u00e3o de dados das remessas esperadas do dia Integra\u00e7\u00e3o de...","protected":false},"author":1,"featured_media":0,"parent":0,"menu_order":0,"comment_status":"closed","ping_status":"closed","template":"","meta":{"footnotes":""},"class_list":["post-971","page","type-page","status-publish"],"_links":{"self":[{"href":"https:\/\/bizinest.pt\/en\/wp-json\/wp\/v2\/pages\/971","targetHints":{"allow":["GET"]}}],"collection":[{"href":"https:\/\/bizinest.pt\/en\/wp-json\/wp\/v2\/pages"}],"about":[{"href":"https:\/\/bizinest.pt\/en\/wp-json\/wp\/v2\/types\/page"}],"author":[{"embeddable":true,"href":"https:\/\/bizinest.pt\/en\/wp-json\/wp\/v2\/users\/1"}],"replies":[{"embeddable":true,"href":"https:\/\/bizinest.pt\/en\/wp-json\/wp\/v2\/comments?post=971"}],"version-history":[{"count":11,"href":"https:\/\/bizinest.pt\/en\/wp-json\/wp\/v2\/pages\/971\/revisions"}],"predecessor-version":[{"id":1158,"href":"https:\/\/bizinest.pt\/en\/wp-json\/wp\/v2\/pages\/971\/revisions\/1158"}],"wp:attachment":[{"href":"https:\/\/bizinest.pt\/en\/wp-json\/wp\/v2\/media?parent=971"}],"curies":[{"name":"wp","href":"https:\/\/api.w.org\/{rel}","templated":true}]}}